{"id":561,"date":"2024-04-24T11:08:34","date_gmt":"2024-04-24T08:08:34","guid":{"rendered":"https:\/\/elitevit.eu\/privatuma-politika\/"},"modified":"2024-06-12T12:33:15","modified_gmt":"2024-06-12T09:33:15","slug":"privatuma-politika","status":"publish","type":"page","link":"https:\/\/elitevit.eu\/lv\/privatuma-politika\/","title":{"rendered":"Priv\u0101tuma politika"},"content":{"rendered":"<section id=\"content-block_f8045ee4a43781444df3016c63e9a807\" class=\"block content single-post\" data-animate=\"fade-up\" data-animate-offset=\"0\" data-animate-speed=\"1\" data-animate-x=\"100\">\r\n    <div class=\"container\" data-animate-y=\"100\">\r\n        <div class=\"content\">\r\n            <h2><b>Priv\u0101tuma politika<\/b><\/h2>\n<p>&nbsp;<\/p>\n<p>SIA \u201cJONNEX-FARMA\u201d<\/p>\n<p><strong>1. <b>Visp\u0101r\u012bgie noteikumi<\/b><\/strong><br \/>\n1.1 Priv\u0101tuma politik\u0101 sniegta p\u0101rskat\u0101ma inform\u0101cija k\u0101diem nol\u016bkiem SIA \u201cJONNEX-FARMA\u201d ieg\u016bst un apstr\u0101d\u0101 personas datus, par to apstr\u0101des principiem un datu subjektu ties\u012bb\u0101m savu personas datu aizsardz\u012bb\u0101.<br \/>\n1.2. Personas datu apstr\u0101de tiek veikta atbilsto\u0161i Latvijas Republikas sp\u0113k\u0101 eso\u0161ajiem normat\u012bvajiem aktiem, k\u0101 ar\u012b iev\u0113rojot Eiropas Parlamenta un Padomes regulas (ES) 2016\/679 par fizisku personu aizsardz\u012bbu attiec\u012bb\u0101 uz personas datu apstr\u0101di un \u0161\u0101du datu br\u012bvu apriti un ar ko atce\u013c Direkt\u012bvu 95\/46\/EK (Visp\u0101r\u012bg\u0101 datu aizsardz\u012bbas regula), turpm\u0101k \u2013 Regula, nosac\u012bjumus.<\/p>\n<p><strong>2. P\u0101rzinis un kontaktinform\u0101cija<\/strong><br \/>\n2.1. Personas datu apstr\u0101des p\u0101rzinis ir SIA \u201cJONNEX-FARMA\u201d, vienot\u0101s re\u0123istr\u0101cijas Nr.40003607468, juridisk\u0101 adrese: Stabu iela 47\/2, R\u012bga, LV-1011, e-pasts:: hello@jonnex.eu.<br \/>\n2.2. Par jaut\u0101jumiem vai neskaidr\u012bb\u0101m saist\u012bb\u0101 ar \u0161o Priv\u0101tuma politiku vai personas datu apstr\u0101di, l\u016bdzu, rakst\u012bt uz e-pastu: dpo@repharm.lv.<\/p>\n<p><strong>3. Personas datu apjoms<\/strong><br \/>\n3.1. SIA \u201cJONNEX-FARMA\u201d apstr\u0101d\u0101to personas datu kategorijas: (i) sadarb\u012bbas partneru p\u0101rst\u0101vju korporat\u012bv\u0101 inform\u0101cija \u2013 v\u0101rds, uzv\u0101rds, amats, uz\u0146\u0113mums, kontaktinform\u0101cija, zi\u0146as par sadarb\u012bbas partnera uz\u0146\u0113mumu un t\u0101 produktiem; (ii) m\u0101jas lapas sada\u013c\u0101 \u201csazinies\u201d nor\u0101d\u012btie dati \u2013 v\u0101rds, e-pasts un zi\u0146a. Sekojo\u0161i, atbilde uz zi\u0146u un papildu dati, ja t\u0101di tiek nor\u0101d\u012bti izveidotaj\u0101 sarakst\u0113.<\/p>\n<p><strong>4. Personas datu apstr\u0101des tiesiskais pamats<\/strong><br \/>\n4.1. Datu subjektu personas dati tiek apstr\u0101d\u0101ti: (i) \u012bstenojot SIA \u201cJONNEX-FARMA\u201d vai tre\u0161o personu le\u0123it\u012bm\u0101s intereses; (ii) uz datu subjekta sniegt\u0101s piekri\u0161anas pamata; (iii) atbilsto\u0161i citiem Visp\u0101r\u012bg\u0101s datu aizsardz\u012bbas regulas 6.panta pirmaj\u0101 da\u013c\u0101 min\u0113tajiem tiesiskajiem pamatojumiem.<br \/>\n4.2. SIA \u201cJONNEX-FARMA\u201d le\u0123it\u012bm\u0101s intereses ir: (i) veikt komercdarb\u012bbu; (ii) saglab\u0101t datu subjektu pieteikumus, iesniegumus, e-pastus un cit\u0101di fiks\u0113tu inform\u0101ciju, lai to izskat\u012btu un sniegtu atbildes; (iii) aizsarg\u0101t likum\u012bg\u0101s intereses ties\u0101, cit\u0101s valsts instit\u016bcij\u0101s, k\u0101 ar\u012b sa\u0146emot juridisko pal\u012bdz\u012bbu.<\/p>\n<p><strong>5. Personas datu apstr\u0101de, aizsardz\u012bba un glab\u0101\u0161ana<\/strong><br \/>\n5.1. Personas datu apstr\u0101de tiek veikta tikai s\u0101kotn\u0113ji paredz\u0113tiem m\u0113r\u0137iem un s\u0101kotn\u0113ji noteiktaj\u0101 apjom\u0101.<br \/>\n5.2. Datu subjektu personas datu apstr\u0101de notiek izmantojot m\u016bsdienu tehnolo\u0123iju iesp\u0113jas, \u0146emot v\u0113r\u0101 past\u0101vo\u0161os priv\u0101tuma riskus un sapr\u0101t\u012bgi pieejamos organizatoriskos, finansi\u0101los un tehniskos resursus. Visu \u0161o pas\u0101kumu ietvaros tiek nodro\u0161in\u0101ts atbilsto\u0161s inform\u0101cijas aizsardz\u012bbas l\u012bmenis, kas nepie\u013cauj neautoriz\u0113tu piek\u013cuvi datu subjekta personas datiem.<br \/>\n5.3. Personas dati tiek glab\u0101ti tikai tik ilgi, cik nepiecie\u0161ams, lai sasniegtu \u0161aj\u0101 Priv\u0101tuma politik\u0101 noteiktos m\u0113r\u0137us, ja vien ilg\u0101ka to glab\u0101\u0161ana nav noteikta vai at\u013cauta ar piem\u0113rojamiem normat\u012bvajiem aktiem. Datu glab\u0101\u0161anas laika posma noteik\u0161anai tiek izmantoti sekojo\u0161i krit\u0113riji:<br \/>\n5.3.1. kam\u0113r past\u0101v tiesiskais pamats datu apstr\u0101dei;<br \/>\n5.3.2. kam\u0113r \u0101r\u0113jos normat\u012bvajos aktos noteiktaj\u0101 k\u0101rt\u012bb\u0101 SIA \u201cJONNEX-FARMA\u201d vai datu subjekts var realiz\u0113t savas le\u0123it\u012bm\u0101s intereses (piem\u0113ram, pras\u012bjumu izskat\u012b\u0161ana, ties\u012bbu aizsardz\u012bba, jaut\u0101jumu risin\u0101\u0161ana u.tml);<br \/>\n5.3.3. Personas datu glab\u0101\u0161anas termi\u0146\u0161 tiek noteikts atbilsto\u0161i normat\u012bvo aktu pras\u012bb\u0101m, piem\u0113ram: (i) lai \u012bstenotu gr\u0101matved\u012bbu regul\u0113jo\u0161os normat\u012bvos aktos noteiktos glab\u0101\u0161anas termi\u0146us, attiec\u012bgi piecus l\u012bdz desmit gadus; (ii) lai \u012bstenotu savu izpild\u012bto saist\u012bbu aizsardz\u012bbu un pier\u0101d\u012bjumu saglab\u0101\u0161anu saska\u0146\u0101 ar normat\u012bvajos aktos noteiktajiem pras\u012bjumu noilgumu termi\u0146iem \u2013 10 gadi Civillikum\u0101; 3 gadi Komerclikum\u0101; 5 gadi Fizisko personu datu apstr\u0101des likum\u0101 un citiem termi\u0146iem, papildus \u0146emot v\u0113r\u0101 ar\u012b Civilprocesa likum\u0101 noteiktos termi\u0146us pras\u012bbu cel\u0161anai.<br \/>\n5.4. Personas datu apstr\u0101d\u0113 netiek veikta datu subjektu profil\u0113\u0161ana vai automatiz\u0113tu l\u0113mumu pie\u0146em\u0161ana, kas datu subjektam rad\u012btu tiesiskas vai cita veida sekas.<\/p>\n<p><strong>6. Personas datu sa\u0146\u0113m\u0113ji<\/strong><br \/>\n6.1. Datu subjektu personas dati tre\u0161aj\u0101m person\u0101m bez tiesiska pamata netiek izpausti, iz\u0146emot:<br \/>\n6.1.1. ar likumu dele\u0123\u0113t\u0101m valsts p\u0101rvaldes iest\u0101d\u0113m, piem\u0113ram, Valsts soci\u0101l\u0101s apdro\u0161in\u0101\u0161anas a\u0123ent\u016bra, Valsts ie\u0146\u0113mumu dienests, Valsts policija, u.tml.;<br \/>\n6.1.2. normat\u012bvajos aktos noteiktos gad\u012bjumos SIA \u201cJONNEX-FARMA\u201d likum\u012bgo intere\u0161u aizsardz\u012bbai;<br \/>\n6.1.3. ja datu nodo\u0161ana nepiecie\u0161ama SIA \u201cJONNEX-FARMA\u201d vai tre\u0161o personu le\u0123it\u012bmo intere\u0161u nodro\u0161in\u0101\u0161anai.<br \/>\n6.2. Datu subjektu personas dati netiek nos\u016bt\u012bti un netiek apstr\u0101d\u0101ti \u0101rpus ES vai EEZ.<\/p>\n<p><strong>7. Datu subjektu ties\u012bbas un pien\u0101kumi<\/strong><br \/>\n7.1. Datu subjektam ir ties\u012bbas sa\u0146emt normat\u012bvajos aktos noteikto inform\u0101ciju saist\u012bb\u0101 ar vi\u0146a datu apstr\u0101di, piepras\u012bt datu labo\u0161anu vai iebilst pret personas datu apstr\u0101di.<br \/>\n7.2. Datu subjekts var iesniegt piepras\u012bjumu par savu ties\u012bbu \u012bsteno\u0161anu rakstveida form\u0101 kl\u0101tien\u0113, uzr\u0101dot personu apliecino\u0161u dokumentu, vai elektronisk\u0101 pasta veid\u0101, parakstot ar dro\u0161u elektronisko parakstu.<br \/>\n7.3. Apstr\u0101d\u0101jot datu subjekta piepras\u012bjumu par savu ties\u012bbu \u012bsteno\u0161anu, SIA \u201cJONNEX-FARMA\u201d p\u0101rliecin\u0101s par datu subjekta identit\u0101ti, izv\u0113rt\u0113 piepras\u012bjumu un izpilda to saska\u0146\u0101 ar normat\u012bvajiem aktiem.<br \/>\n7.4. SIA \u201cJONNEX-FARMA\u201d nodro\u0161ina datu apstr\u0101des un aizsardz\u012bbas pras\u012bbu izpildi saska\u0146\u0101 ar normat\u012bvajiem aktiem. Datu subjekta pretenziju gad\u012bjum\u0101 SIA \u201cJONNEX-FARMA\u201d veiks visas nepiecie\u0161am\u0101s darb\u012bbas, lai pretenziju atrisin\u0101tu, bet gad\u012bjum\u0101, ja tas neizdodas, Datu subjektam ir ties\u012bbas v\u0113rsties uzraudz\u012bbas iest\u0101d\u0113 \u2013 Datu valsts inspekcij\u0101.<\/p>\n<p><strong>8. Nosl\u0113guma noteikumi<\/strong><br \/>\n8.1. Datu subjektu iesniegumi un inform\u0101cijas piepras\u012bjumi tiek izskat\u012bti bez maksas. Iesnieguma izskat\u012b\u0161ana var tikt atteikta vai par to var tik piem\u0113rota sam\u0113r\u012bga samaksa, ja tie iesniegti ac\u012bmredzami nepamatoti vai p\u0101rm\u0113r\u012bgi, k\u0101 ar\u012b citos normat\u012bvajos aktos paredz\u0113tos gad\u012bjumos.<br \/>\n8.2. Datu subjektam ir pien\u0101kums iepaz\u012bties ar \u0161o Priv\u0101tuma politiku, k\u0101 ar\u012b iepaz\u012bstin\u0101t ar to ikvienu personu, kas saist\u012bta ar \u0161o datu subjektu un kuru intereses t\u0101d\u0113j\u0101di var tikt skartas \u0161\u012bs personas datu apstr\u0101des procesos.<br \/>\n8.3. Priv\u0101tuma politika ir br\u012bvi pieejama SIA \u201cJONNEX-FARMA\u201d t\u012bmek\u013ca vietn\u0113 www.elitevit.eu.<\/p>\n<p>&nbsp;<\/p>\n<p style=\"text-align: right\">Versija 1, sp\u0113k\u0101 no 2024.gada 10.maija<\/p>\n        <\/div>\r\n    <\/div>\r\n<\/section>\r\n","protected":false},"excerpt":{"rendered":"","protected":false},"author":1,"featured_media":139,"parent":0,"menu_order":0,"comment_status":"closed","ping_status":"closed","template":"template-simple-page.php","meta":{"_acf_changed":false,"footnotes":""},"class_list":["post-561","page","type-page","status-publish","has-post-thumbnail","hentry"],"acf":[],"yoast_head":"<!-- This site is optimized with the Yoast SEO plugin v27.3 - https:\/\/yoast.com\/product\/yoast-seo-wordpress\/ -->\n<title>Priv\u0101tuma politika - Elite<\/title>\n<meta name=\"robots\" content=\"index, follow, max-snippet:-1, max-image-preview:large, max-video-preview:-1\" \/>\n<link rel=\"canonical\" href=\"https:\/\/elitevit.eu\/lv\/privatuma-politika\/\" \/>\n<meta property=\"og:locale\" content=\"lv_LV\" \/>\n<meta property=\"og:type\" content=\"article\" \/>\n<meta property=\"og:title\" content=\"Priv\u0101tuma politika - Elite\" \/>\n<meta property=\"og:url\" content=\"https:\/\/elitevit.eu\/lv\/privatuma-politika\/\" \/>\n<meta property=\"og:site_name\" content=\"Elite\" \/>\n<meta property=\"article:modified_time\" content=\"2024-06-12T09:33:15+00:00\" \/>\n<meta property=\"og:image\" content=\"https:\/\/elitevit.eu\/wp-content\/uploads\/2024\/04\/BG-4.jpg\" \/>\n\t<meta property=\"og:image:width\" content=\"1280\" \/>\n\t<meta property=\"og:image:height\" content=\"620\" \/>\n\t<meta property=\"og:image:type\" content=\"image\/jpeg\" \/>\n<meta name=\"twitter:card\" content=\"summary_large_image\" \/>\n<meta name=\"twitter:label1\" content=\"Est. reading time\" \/>\n\t<meta name=\"twitter:data1\" content=\"1 minute\" \/>\n<script type=\"application\/ld+json\" class=\"yoast-schema-graph\">{\"@context\":\"https:\\\/\\\/schema.org\",\"@graph\":[{\"@type\":\"WebPage\",\"@id\":\"https:\\\/\\\/elitevit.eu\\\/lv\\\/privatuma-politika\\\/\",\"url\":\"https:\\\/\\\/elitevit.eu\\\/lv\\\/privatuma-politika\\\/\",\"name\":\"Priv\u0101tuma politika - Elite\",\"isPartOf\":{\"@id\":\"https:\\\/\\\/elitevit.eu\\\/lv\\\/#website\"},\"primaryImageOfPage\":{\"@id\":\"https:\\\/\\\/elitevit.eu\\\/lv\\\/privatuma-politika\\\/#primaryimage\"},\"image\":{\"@id\":\"https:\\\/\\\/elitevit.eu\\\/lv\\\/privatuma-politika\\\/#primaryimage\"},\"thumbnailUrl\":\"https:\\\/\\\/elitevit.eu\\\/wp-content\\\/uploads\\\/2024\\\/04\\\/BG-4.jpg\",\"datePublished\":\"2024-04-24T08:08:34+00:00\",\"dateModified\":\"2024-06-12T09:33:15+00:00\",\"breadcrumb\":{\"@id\":\"https:\\\/\\\/elitevit.eu\\\/lv\\\/privatuma-politika\\\/#breadcrumb\"},\"inLanguage\":\"lv-LV\",\"potentialAction\":[{\"@type\":\"ReadAction\",\"target\":[\"https:\\\/\\\/elitevit.eu\\\/lv\\\/privatuma-politika\\\/\"]}]},{\"@type\":\"ImageObject\",\"inLanguage\":\"lv-LV\",\"@id\":\"https:\\\/\\\/elitevit.eu\\\/lv\\\/privatuma-politika\\\/#primaryimage\",\"url\":\"https:\\\/\\\/elitevit.eu\\\/wp-content\\\/uploads\\\/2024\\\/04\\\/BG-4.jpg\",\"contentUrl\":\"https:\\\/\\\/elitevit.eu\\\/wp-content\\\/uploads\\\/2024\\\/04\\\/BG-4.jpg\",\"width\":1280,\"height\":620},{\"@type\":\"BreadcrumbList\",\"@id\":\"https:\\\/\\\/elitevit.eu\\\/lv\\\/privatuma-politika\\\/#breadcrumb\",\"itemListElement\":[{\"@type\":\"ListItem\",\"position\":1,\"name\":\"Home\",\"item\":\"https:\\\/\\\/elitevit.eu\\\/lv\\\/\"},{\"@type\":\"ListItem\",\"position\":2,\"name\":\"Priv\u0101tuma politika\"}]},{\"@type\":\"WebSite\",\"@id\":\"https:\\\/\\\/elitevit.eu\\\/lv\\\/#website\",\"url\":\"https:\\\/\\\/elitevit.eu\\\/lv\\\/\",\"name\":\"Elite\",\"description\":\"\",\"potentialAction\":[{\"@type\":\"SearchAction\",\"target\":{\"@type\":\"EntryPoint\",\"urlTemplate\":\"https:\\\/\\\/elitevit.eu\\\/lv\\\/?s={search_term_string}\"},\"query-input\":{\"@type\":\"PropertyValueSpecification\",\"valueRequired\":true,\"valueName\":\"search_term_string\"}}],\"inLanguage\":\"lv-LV\"}]}<\/script>\n<!-- \/ Yoast SEO plugin. -->","yoast_head_json":{"title":"Priv\u0101tuma politika - Elite","robots":{"index":"index","follow":"follow","max-snippet":"max-snippet:-1","max-image-preview":"max-image-preview:large","max-video-preview":"max-video-preview:-1"},"canonical":"https:\/\/elitevit.eu\/lv\/privatuma-politika\/","og_locale":"lv_LV","og_type":"article","og_title":"Priv\u0101tuma politika - Elite","og_url":"https:\/\/elitevit.eu\/lv\/privatuma-politika\/","og_site_name":"Elite","article_modified_time":"2024-06-12T09:33:15+00:00","og_image":[{"width":1280,"height":620,"url":"https:\/\/elitevit.eu\/wp-content\/uploads\/2024\/04\/BG-4.jpg","type":"image\/jpeg"}],"twitter_card":"summary_large_image","twitter_misc":{"Est. reading time":"1 minute"},"schema":{"@context":"https:\/\/schema.org","@graph":[{"@type":"WebPage","@id":"https:\/\/elitevit.eu\/lv\/privatuma-politika\/","url":"https:\/\/elitevit.eu\/lv\/privatuma-politika\/","name":"Priv\u0101tuma politika - Elite","isPartOf":{"@id":"https:\/\/elitevit.eu\/lv\/#website"},"primaryImageOfPage":{"@id":"https:\/\/elitevit.eu\/lv\/privatuma-politika\/#primaryimage"},"image":{"@id":"https:\/\/elitevit.eu\/lv\/privatuma-politika\/#primaryimage"},"thumbnailUrl":"https:\/\/elitevit.eu\/wp-content\/uploads\/2024\/04\/BG-4.jpg","datePublished":"2024-04-24T08:08:34+00:00","dateModified":"2024-06-12T09:33:15+00:00","breadcrumb":{"@id":"https:\/\/elitevit.eu\/lv\/privatuma-politika\/#breadcrumb"},"inLanguage":"lv-LV","potentialAction":[{"@type":"ReadAction","target":["https:\/\/elitevit.eu\/lv\/privatuma-politika\/"]}]},{"@type":"ImageObject","inLanguage":"lv-LV","@id":"https:\/\/elitevit.eu\/lv\/privatuma-politika\/#primaryimage","url":"https:\/\/elitevit.eu\/wp-content\/uploads\/2024\/04\/BG-4.jpg","contentUrl":"https:\/\/elitevit.eu\/wp-content\/uploads\/2024\/04\/BG-4.jpg","width":1280,"height":620},{"@type":"BreadcrumbList","@id":"https:\/\/elitevit.eu\/lv\/privatuma-politika\/#breadcrumb","itemListElement":[{"@type":"ListItem","position":1,"name":"Home","item":"https:\/\/elitevit.eu\/lv\/"},{"@type":"ListItem","position":2,"name":"Priv\u0101tuma politika"}]},{"@type":"WebSite","@id":"https:\/\/elitevit.eu\/lv\/#website","url":"https:\/\/elitevit.eu\/lv\/","name":"Elite","description":"","potentialAction":[{"@type":"SearchAction","target":{"@type":"EntryPoint","urlTemplate":"https:\/\/elitevit.eu\/lv\/?s={search_term_string}"},"query-input":{"@type":"PropertyValueSpecification","valueRequired":true,"valueName":"search_term_string"}}],"inLanguage":"lv-LV"}]}},"_links":{"self":[{"href":"https:\/\/elitevit.eu\/lv\/wp-json\/wp\/v2\/pages\/561","targetHints":{"allow":["GET"]}}],"collection":[{"href":"https:\/\/elitevit.eu\/lv\/wp-json\/wp\/v2\/pages"}],"about":[{"href":"https:\/\/elitevit.eu\/lv\/wp-json\/wp\/v2\/types\/page"}],"author":[{"embeddable":true,"href":"https:\/\/elitevit.eu\/lv\/wp-json\/wp\/v2\/users\/1"}],"replies":[{"embeddable":true,"href":"https:\/\/elitevit.eu\/lv\/wp-json\/wp\/v2\/comments?post=561"}],"version-history":[{"count":3,"href":"https:\/\/elitevit.eu\/lv\/wp-json\/wp\/v2\/pages\/561\/revisions"}],"predecessor-version":[{"id":564,"href":"https:\/\/elitevit.eu\/lv\/wp-json\/wp\/v2\/pages\/561\/revisions\/564"}],"wp:featuredmedia":[{"embeddable":true,"href":"https:\/\/elitevit.eu\/lv\/wp-json\/wp\/v2\/media\/139"}],"wp:attachment":[{"href":"https:\/\/elitevit.eu\/lv\/wp-json\/wp\/v2\/media?parent=561"}],"curies":[{"name":"wp","href":"https:\/\/api.w.org\/{rel}","templated":true}]}}