{"id":483,"date":"2024-04-17T15:18:51","date_gmt":"2024-04-17T12:18:51","guid":{"rendered":"https:\/\/elitevit.eu\/par-elite\/"},"modified":"2024-10-10T16:32:40","modified_gmt":"2024-10-10T13:32:40","slug":"par-elite","status":"publish","type":"page","link":"https:\/\/elitevit.eu\/lv\/par-elite\/","title":{"rendered":"Par elite"},"content":{"rendered":"<section id=\"page-header-block_8c56a85489dbb2931a96574ac317c61f\" class=\"block page-header\">\n\n            <div class=\"image-wrapper\">\n            <img decoding=\"async\" src=\"https:\/\/elitevit.eu\/wp-content\/uploads\/2024\/04\/about.jpg\" alt=\"\">\n        <\/div>\n        <div class=\"container\">\n        <div class=\"row align-items-end text-start\">\n            <div class=\"col-12 col-md-6\">\n                <h1>Par <svg width=\"967\" height=\"414\" viewBox=\"0 0 967 414\" fill=\"none\" xmlns=\"http:\/\/www.w3.org\/2000\/svg\">\n                        <path d=\"M337.311 0.439321L343.47 1.07833C342.839 68.8136 342.839 134.033 342.839 201.768C342.839 401.859 342.839 388.559 360.054 393.512L390.14 399.383L407 396.627C434.046 392.274 434.639 389.158 434.639 272.978C434.639 156.798 433.415 153.043 411.896 150.567L384.257 148.091V141.262C422.359 131.956 449.366 122.61 472.701 111.428L477.597 113.305C477.597 158.675 476.965 192.822 476.965 234.478C476.965 387.321 479.413 391.075 495.997 394.151L529.163 400.381V407.85H248.788V400.381L273.979 396.667C300.393 392.314 300.393 404.375 300.393 278.889C300.393 50.8414 299.169 47.1271 277.651 43.4129L249.38 39.6986V32.8692C307.106 23.5636 324.321 16.7341 337.232 0.559136L337.311 0.439321ZM622.345 414C569.516 414 553.525 382.928 553.525 341.312C553.525 321.423 555.973 286.637 555.973 255.565C555.973 213.949 555.973 180.361 553.525 142.46C537.534 142.46 521.582 142.46 505.631 143.099V136.868C565.212 122.571 574.412 115.741 595.299 54.2362L601.458 55.4742C599.602 73.4864 598.378 93.3757 597.786 115.142H713.276L702.853 145.575C667.831 143.698 632.808 142.46 597.194 141.861C596.562 175.409 596.562 210.834 596.562 245.021C596.562 273.617 596.562 303.411 597.786 332.007C600.234 368.031 616.225 381.73 645.088 381.73C683.19 381.73 693.614 347.543 703.445 285.439H704.077C703.05 276.373 702.497 266.827 702.497 256.843C702.497 170.456 757.419 108.952 855.34 108.952C925.779 108.952 966.408 148.091 963.999 220.18L922.817 230.723L746.68 228.846V240.668C746.68 335.721 791.455 377.976 858.34 377.976C910.893 377.976 941.928 354.971 961.63 293.466L967 296.582C947.89 376.099 909.669 414 838.638 414C770.291 414 722.239 375.22 707.393 305.647C694.956 380.612 668.897 414 622.385 414H622.345ZM747.233 224.493L904.26 218.263C916.816 217.025 919.777 209.556 919.777 199.012C919.777 152.404 884.558 119.495 836.782 119.495C783.044 119.495 751.418 156.798 747.233 224.493ZM406.842 42.6141C422.754 53.3975 436.415 67.2161 447.076 83.3112C457.737 67.2161 471.398 53.3975 487.31 42.6141C471.398 31.8308 457.737 18.0122 447.076 1.91704C436.415 18.0122 422.754 31.8308 406.842 42.6141ZM136.14 414C53.1453 414 0 356.808 0 256.803C0 170.417 54.9221 108.912 152.842 108.912C223.281 108.912 263.91 148.051 261.502 220.14L220.32 230.683L44.1825 228.806V240.628C44.1825 335.681 88.9572 377.936 155.843 377.936C208.396 377.936 239.43 354.931 259.133 293.426L264.503 296.542C245.392 376.059 207.172 413.96 136.14 413.96V414ZM44.7747 224.493L201.802 218.263C214.358 217.025 217.319 209.556 217.319 199.012C217.319 152.404 182.1 119.495 134.324 119.495C80.5866 119.495 48.96 156.798 44.7747 224.493ZM202.197 11.1028C187.154 6.43006 172.703 4.0737 159.396 0C138.549 34.5466 112.45 56.5526 69.6101 87.6645L77.112 90.9794C114.74 73.5663 160.502 45.7692 202.197 14.6174V11.1028Z\" fill=\"white\"\/>\n                    <\/svg><\/h1>\n            <\/div>\n            <div class=\"col-12 col-md-6 large-p\">\n                <p>T\u0101 ir m\u016bsu v\u012bzija par ap\u0146em\u0161anos sasniegt izcil\u012bbu, iedvesmot un \u013caut Jums piln\u012bb\u0101 izmantot savu potenci\u0101lu.<\/p>\n            <\/div>\n        <\/div>\n    <\/div>\n\n<\/section>\n\n\n<section id=\"card-columns-block_b1b92e2b90411f922ce629b91937a1d5\" class=\"block card-columns block-bg-none\" data-animate >\n    <div class=\"container\" data-animate-in>\n        <div class=\"row\">\n            <div class=\"col-12 col-md-8\">\n                <div class=\"title large-p text-start\">\n                                                                <p><p><strong>Elite<\/strong> nav tikai v\u0101rds uz iepakojuma; t\u0101 ir ap\u0146em\u0161an\u0101s sasniegt izcil\u012bbu. Elite ir rad\u012bta tiem, kuri savam \u0137ermenim un pr\u0101tam v\u0113las sniegt tikai lab\u0101ko \u2013 r\u016bp\u012bgi piemekl\u0113tu akt\u012bvo vielu kompoz\u012bciju. M\u0113s izv\u0113lamies tikai p\u0101rbaud\u012btas, augst\u0101k\u0101s kvalit\u0101tes sast\u0101vda\u013cas, nodro\u0161inot katra produkta maksim\u0101lo funkcionalit\u0101ti, lai pied\u0101v\u0101tu izcilus produktus.<\/p>\n<p>Rodiet sev\u012b sp\u0113ku ar <strong>Elite<\/strong>! Sasniedziet savu potenci\u0101lu vienlaikus veicinot labsaj\u016btu! Pievienojies m\u016bsu dz\u012bvesveidam, kur\u0101 izcil\u012bba nav tikai iesp\u0113ja, tas ir standarts!<\/p>\n<\/p>\n                                    <\/div>\n            <\/div>\n        <\/div>\n\n                    <div class=\"listing row\">\n                \n\n                    <div class=\"col-12 col-md-7\">\n\n                            <div class=\"card-image\">\r\n                    <div class=\"image-wrapper\">\r\n                <img decoding=\"async\" src=\"https:\/\/elitevit.eu\/wp-content\/uploads\/2024\/04\/IMG.jpg\" alt=\"Image\">\r\n            <\/div>\r\n            <\/div>\r\n\n                    <\/div>\n                \n\n                    <div class=\"col-12 col-md-5\">\n\n                            <div class=\"card-image\">\r\n                    <div class=\"image-wrapper\">\r\n                <img decoding=\"async\" src=\"https:\/\/elitevit.eu\/wp-content\/uploads\/2024\/04\/IMG-1.jpg\" alt=\"Image\">\r\n            <\/div>\r\n            <\/div>\r\n\n                    <\/div>\n                            <\/div>\n        \n    <\/div>\n<\/section>\n\n\n<section id=\"columns-image-content-block_458b97bedac6e22276d7a5691c18e1eb\" class=\"block columns-image-content\" data-animate>\r\n    <div class=\"container\">\r\n        <div class=\"row align-item-start\" data-animate-in>\r\n\r\n                            <div class=\"col-md-5\">\r\n                    <div class=\"ratio ratio-5x6\">\r\n                        <div class=\"image-wrapper\">\r\n                            <img decoding=\"async\" src=\"https:\/\/elitevit.eu\/wp-content\/uploads\/2024\/04\/IMG-2.jpg\" alt=\"\">\r\n                        <\/div>\r\n                    <\/div>\r\n                <\/div>\r\n            \r\n            <div class=\"col-md-7 col-content large-p\">\r\n\r\n                <div>\r\n                    <h2><\/h2>\r\n                    <p><strong>Elite<\/strong> ir rad\u012bta tiem, kuri savam \u0137ermenim un pr\u0101tam v\u0113las sniegt tikai lab\u0101ko \u2013 r\u016bp\u012bgi piemekl\u0113tu akt\u012bvo vielu kompoz\u012bciju.<\/p>\n<blockquote><p>Izcil\u012bba \u2013 t\u0101 nav tikai iesp\u0113ja, tas ir standarts.<\/p><\/blockquote>\n                                    <\/div>\r\n\r\n            <\/div>\r\n        <\/div>\r\n    <\/div>\r\n<\/section>\r\n","protected":false},"excerpt":{"rendered":"","protected":false},"author":1,"featured_media":0,"parent":0,"menu_order":0,"comment_status":"closed","ping_status":"closed","template":"","meta":{"_acf_changed":false,"footnotes":""},"class_list":["post-483","page","type-page","status-publish","hentry"],"acf":[],"yoast_head":"<!-- This site is optimized with the Yoast SEO plugin v27.3 - https:\/\/yoast.com\/product\/yoast-seo-wordpress\/ -->\n<title>Par elite - Elite<\/title>\n<meta name=\"robots\" content=\"index, follow, max-snippet:-1, max-image-preview:large, max-video-preview:-1\" \/>\n<link rel=\"canonical\" href=\"https:\/\/elitevit.eu\/lv\/par-elite\/\" \/>\n<meta property=\"og:locale\" content=\"lv_LV\" \/>\n<meta property=\"og:type\" content=\"article\" \/>\n<meta property=\"og:title\" content=\"Par elite - Elite\" \/>\n<meta property=\"og:url\" content=\"https:\/\/elitevit.eu\/lv\/par-elite\/\" \/>\n<meta property=\"og:site_name\" content=\"Elite\" \/>\n<meta property=\"article:modified_time\" content=\"2024-10-10T13:32:40+00:00\" \/>\n<meta name=\"twitter:card\" content=\"summary_large_image\" \/>\n<script type=\"application\/ld+json\" class=\"yoast-schema-graph\">{\"@context\":\"https:\\\/\\\/schema.org\",\"@graph\":[{\"@type\":\"WebPage\",\"@id\":\"https:\\\/\\\/elitevit.eu\\\/lv\\\/par-elite\\\/\",\"url\":\"https:\\\/\\\/elitevit.eu\\\/lv\\\/par-elite\\\/\",\"name\":\"Par elite - Elite\",\"isPartOf\":{\"@id\":\"https:\\\/\\\/elitevit.eu\\\/lv\\\/#website\"},\"datePublished\":\"2024-04-17T12:18:51+00:00\",\"dateModified\":\"2024-10-10T13:32:40+00:00\",\"breadcrumb\":{\"@id\":\"https:\\\/\\\/elitevit.eu\\\/lv\\\/par-elite\\\/#breadcrumb\"},\"inLanguage\":\"lv-LV\",\"potentialAction\":[{\"@type\":\"ReadAction\",\"target\":[\"https:\\\/\\\/elitevit.eu\\\/lv\\\/par-elite\\\/\"]}]},{\"@type\":\"BreadcrumbList\",\"@id\":\"https:\\\/\\\/elitevit.eu\\\/lv\\\/par-elite\\\/#breadcrumb\",\"itemListElement\":[{\"@type\":\"ListItem\",\"position\":1,\"name\":\"Home\",\"item\":\"https:\\\/\\\/elitevit.eu\\\/lv\\\/\"},{\"@type\":\"ListItem\",\"position\":2,\"name\":\"Par elite\"}]},{\"@type\":\"WebSite\",\"@id\":\"https:\\\/\\\/elitevit.eu\\\/lv\\\/#website\",\"url\":\"https:\\\/\\\/elitevit.eu\\\/lv\\\/\",\"name\":\"Elite\",\"description\":\"\",\"potentialAction\":[{\"@type\":\"SearchAction\",\"target\":{\"@type\":\"EntryPoint\",\"urlTemplate\":\"https:\\\/\\\/elitevit.eu\\\/lv\\\/?s={search_term_string}\"},\"query-input\":{\"@type\":\"PropertyValueSpecification\",\"valueRequired\":true,\"valueName\":\"search_term_string\"}}],\"inLanguage\":\"lv-LV\"}]}<\/script>\n<!-- \/ Yoast SEO plugin. -->","yoast_head_json":{"title":"Par elite - Elite","robots":{"index":"index","follow":"follow","max-snippet":"max-snippet:-1","max-image-preview":"max-image-preview:large","max-video-preview":"max-video-preview:-1"},"canonical":"https:\/\/elitevit.eu\/lv\/par-elite\/","og_locale":"lv_LV","og_type":"article","og_title":"Par elite - Elite","og_url":"https:\/\/elitevit.eu\/lv\/par-elite\/","og_site_name":"Elite","article_modified_time":"2024-10-10T13:32:40+00:00","twitter_card":"summary_large_image","schema":{"@context":"https:\/\/schema.org","@graph":[{"@type":"WebPage","@id":"https:\/\/elitevit.eu\/lv\/par-elite\/","url":"https:\/\/elitevit.eu\/lv\/par-elite\/","name":"Par elite - Elite","isPartOf":{"@id":"https:\/\/elitevit.eu\/lv\/#website"},"datePublished":"2024-04-17T12:18:51+00:00","dateModified":"2024-10-10T13:32:40+00:00","breadcrumb":{"@id":"https:\/\/elitevit.eu\/lv\/par-elite\/#breadcrumb"},"inLanguage":"lv-LV","potentialAction":[{"@type":"ReadAction","target":["https:\/\/elitevit.eu\/lv\/par-elite\/"]}]},{"@type":"BreadcrumbList","@id":"https:\/\/elitevit.eu\/lv\/par-elite\/#breadcrumb","itemListElement":[{"@type":"ListItem","position":1,"name":"Home","item":"https:\/\/elitevit.eu\/lv\/"},{"@type":"ListItem","position":2,"name":"Par elite"}]},{"@type":"WebSite","@id":"https:\/\/elitevit.eu\/lv\/#website","url":"https:\/\/elitevit.eu\/lv\/","name":"Elite","description":"","potentialAction":[{"@type":"SearchAction","target":{"@type":"EntryPoint","urlTemplate":"https:\/\/elitevit.eu\/lv\/?s={search_term_string}"},"query-input":{"@type":"PropertyValueSpecification","valueRequired":true,"valueName":"search_term_string"}}],"inLanguage":"lv-LV"}]}},"_links":{"self":[{"href":"https:\/\/elitevit.eu\/lv\/wp-json\/wp\/v2\/pages\/483","targetHints":{"allow":["GET"]}}],"collection":[{"href":"https:\/\/elitevit.eu\/lv\/wp-json\/wp\/v2\/pages"}],"about":[{"href":"https:\/\/elitevit.eu\/lv\/wp-json\/wp\/v2\/types\/page"}],"author":[{"embeddable":true,"href":"https:\/\/elitevit.eu\/lv\/wp-json\/wp\/v2\/users\/1"}],"replies":[{"embeddable":true,"href":"https:\/\/elitevit.eu\/lv\/wp-json\/wp\/v2\/comments?post=483"}],"version-history":[{"count":12,"href":"https:\/\/elitevit.eu\/lv\/wp-json\/wp\/v2\/pages\/483\/revisions"}],"predecessor-version":[{"id":674,"href":"https:\/\/elitevit.eu\/lv\/wp-json\/wp\/v2\/pages\/483\/revisions\/674"}],"wp:attachment":[{"href":"https:\/\/elitevit.eu\/lv\/wp-json\/wp\/v2\/media?parent=483"}],"curies":[{"name":"wp","href":"https:\/\/api.w.org\/{rel}","templated":true}]}}