{"id":570,"date":"2024-04-24T11:08:34","date_gmt":"2024-04-24T08:08:34","guid":{"rendered":"https:\/\/elitevit.eu\/privatumo-politika\/"},"modified":"2024-06-18T12:49:47","modified_gmt":"2024-06-18T09:49:47","slug":"privatumo-politika","status":"publish","type":"page","link":"https:\/\/elitevit.eu\/lt\/privatumo-politika\/","title":{"rendered":"Privatumo politika"},"content":{"rendered":"<section id=\"content-block_debd9f7726126b438b5fc00bebf33f9c\" class=\"block content single-post\" data-animate=\"fade-up\" data-animate-offset=\"0\" data-animate-speed=\"1\" data-animate-x=\"100\">\r\n    <div class=\"container\" data-animate-y=\"100\">\r\n        <div class=\"content\">\r\n            <p>SIA &#8222;JONNEX-FARMA&#8221;<br \/>\n<strong>1. Bendrosios s\u0105lygos<\/strong><br \/>\n1.1 Privatumo politika skirta suteikti Jums, SIA &#8222;JONNEX-FARMA&#8221; duomen\u0173 subjektams, ai\u0161ki\u0105 ir skaidri\u0105 informacij\u0105 apie tai, kokiu tikslu mes gauname ir tvarkome J\u016bs\u0173 asmens duomenis, j\u0173 tvarkymo principus, kuri\u0173 laikom\u0117s, ir J\u016bs\u0173 teises, susijusias su J\u016bs\u0173 asmens duomen\u0173 apsauga. Mes tikime, kad skaidrumas yra pagrindinis elementas kuriant pasitik\u0117jim\u0105 ir u\u017etikrinant J\u016bs\u0173 saugum\u0105.<br \/>\n1.2. Asmens duomenys tvarkomi pagal galiojan\u010dius Latvijos Respublikos norminius aktus, taip pat laikantis 2016 m. baland\u017eio 27 d. EUROPOS PARLAMENTO IR TARYBOS REGLAMENTO (ES) 2016\/679 d\u0117l fizini\u0173 asmen\u0173 apsaugos tvarkant asmens duomenis ir d\u0117l laisvo toki\u0173 duomen\u0173 jud\u0117jimo, ir kuriuo panaikinama Direktyva 95\/46\/EB (Bendrasis duomen\u0173 apsaugos reglamentas), nuo \u0161iol \u2013 Reglamentas.<br \/>\n<strong>2. Duomen\u0173 valdytojas ir kontaktin\u0117 informacija<\/strong><br \/>\n2.1. Asmens duomen\u0173 tvarkymo valdytojas yra SIA &#8222;JONNEX-FARMA&#8221;, registracijos Nr. 40003607468, juridinis adresas: Stabu iela 47\/2, Riga, LV-1011, el. pa\u0161tas: info@jonnex.eu.<br \/>\n2.2. Jei turite klausim\u0173 ar neai\u0161kum\u0173, susijusi\u0173 su \u0161ia Privatumo politika ar asmens duomen\u0173 tvarkymu, ra\u0161ykite el. pa\u0161tu: dpo@repharm.lv.<br \/>\n<strong>3. Asmens duomen\u0173 kiekis<\/strong><br \/>\n3.1. SIA &#8222;JONNEX-FARMA&#8221; tvarkom\u0173 asmens duomen\u0173 kategorijos: (i) bendradarbiavimo partneri\u0173 atstov\u0173 korporatyvin\u0117 informacija \u2013 vardas, pavard\u0117, pareigos, \u012fmon\u0117, kontaktin\u0117 informacija, informacija apie bendradarbiavimo partnerio \u012fmon\u0119 ir jos produktus; (ii) duomenys, nurodyti svetain\u0117s skiltyje &#8222;Kontaktai&#8221; \u2013 vardas, pavard\u0117, el. pa\u0161tas ir prane\u0161imas. Toliau atsakymas \u012f prane\u0161im\u0105 ir papildomi duomenys, jei jie nurodyti \u0161ioje korespondencijoje.<br \/>\n<strong>4. Asmens duomen\u0173 tvarkymo teisinis pagrindas<\/strong><br \/>\n4.1. Duomen\u0173 subjekt\u0173 asmens duomenys tvarkomi: (i) siekiant SIA &#8222;JONNEX-FARMA&#8221; ar tre\u010di\u0173j\u0173 asmen\u0173 teis\u0117t\u0173 interes\u0173; ii) remiantis duomen\u0173 subjekto duotu sutikimu; (iii) kitais Bendrojo duomen\u0173 apsaugos reglamento 6 straipsnio pirmojoje dalyje nurodytais teisiniais pagrindais.<br \/>\n4.2.SIA &#8222;JONNEX-FARMA&#8221; teis\u0117ti interesai yra: (i) vykdyti komercin\u0119 veikl\u0105; (ii) saugoti duomen\u0173 subjekt\u0173 pra\u0161ymus, teikimus, elektroninius lai\u0161kus ir kit\u0105 fiksuot\u0105 informacij\u0105, kad jie gal\u0117t\u0173 j\u0105 per\u017ei\u016br\u0117ti ir pateikti atsakymus; (iii) ginti teis\u0117tus interesus teisme, kitose valstyb\u0117s institucijose, taip pat gaunant teisin\u0119 pagalb\u0105.<br \/>\n<strong>5. Asmens duomen\u0173 tvarkymas, apsauga ir saugojimas<\/strong><br \/>\n5.1. Asmens duomenys tvarkomi tik i\u0161 prad\u017ei\u0173 numatytais tikslais ir i\u0161 prad\u017ei\u0173 nustatyta apimtimi.<br \/>\n5.2. Duomen\u0173 subjekt\u0173 asmens duomenys tvarkomi naudojant \u0161iuolaikini\u0173 technologij\u0173 galimybes, atsi\u017evelgiant \u012f esamus privatumo pavojus ir pagr\u012fstai prieinamus organizacinius, finansinius ir techninius i\u0161teklius. Vis\u0173 \u0161i\u0173 priemoni\u0173 pagrindu u\u017etikrinamas tinkamas informacijos apsaugos lygis, neleid\u017eiant neteis\u0117tai susipa\u017einti su duomen\u0173 subjekto asmens duomenimis.<br \/>\n5.3. Asmens duomenys saugomi tik tiek laiko, kiek reikia \u0161ioje privatumo politikoje nustatytiems tikslams pasiekti, i\u0161skyrus atvejus, kai pagal galiojan\u010dius \u012fstatymus ir kitus teis\u0117s aktus yra nurodytas arba leid\u017eiamas ilgesnis saugojimas. Duomen\u0173 saugojimo laikotarpiui nustatyti taikomi \u0161ie kriterijai:<br \/>\n5.3.1. tol, kol yra teisinis pagrindas tvarkyti duomenis;<br \/>\n5.3.2. tol, kol SIA &#8222;JONNEX-FARMA&#8221; ar duomen\u0173 subjektas gali realizuoti savo teis\u0117tus interesus (pavyzd\u017eiui, pretenzij\u0173 nagrin\u0117jim\u0105, teisi\u0173 apsaug\u0105, klausim\u0173 sprendim\u0105 ir pan.);<br \/>\n5.3.3. \u012estatym\u0173 ir kit\u0173 teis\u0117s akt\u0173 reikalavimai nustato asmens duomen\u0173 saugojimo laikotarp\u012f, pavyzd\u017eiui: (i) \u012fgyvendinti buhalterin\u0119 apskait\u0105 reglamentuojan\u010diuose \u012fstatymuose ir kituose teis\u0117s aktuose nustatytus saugojimo terminus, atitinkamai nuo 5 iki 10 met\u0173;<br \/>\n(ii) \u012fgyvendinti savo \u012fvykdyt\u0173 pareig\u0173 apsaug\u0105 ir \u012frodym\u0173 i\u0161saugojim\u0105 pagal ie\u0161kinio senaties terminus \u2013 10 met\u0173 civilin\u0117je teis\u0117je; 3 metai komercin\u0117s teis\u0117s srityje; 5 metai Asmens duomen\u0173 tvarkymo \u012fstatyme ir kiti terminai, papildomai atsi\u017evelgiant \u012f Civilinio proceso \u012fstatyme nustatytus ie\u0161kinio parei\u0161kimo terminus.<br \/>\n5.4. Tvarkant asmens duomenis nevykdomas duomen\u0173 subjekt\u0173 profiliavimas ar automatizuotas sprendim\u0173 pri\u0117mimas, o tai sukelt\u0173 duomen\u0173 subjektui teisini\u0173 ar kitoki\u0173 pasekmi\u0173.<br \/>\n<strong>6. Asmens duomen\u0173 gav\u0117jai<\/strong><br \/>\n6.1. Duomen\u0173 subjekt\u0173 asmens duomenys negali b\u016bti atskleid\u017eiami tretiesiems asmenims be teisinio pagrindo, i\u0161skyrus:<br \/>\n6.1.1. \u012fstatym\u0173 \u012fgaliotoms valstyb\u0117s valdymo institucijoms, tokioms kaip Valstybinio socialinio draudimo \u012fstaiga, Valstybin\u0117 mokes\u010di\u0173 inspekcija, Valstybin\u0117 policija ir kt.;<br \/>\n6.1.2. u\u017e SIA &#8222;JONNEX-FARMA&#8221; teis\u0117t\u0173 interes\u0173 apsaug\u0105 norminiuose aktuose nustatytais atvejais;<br \/>\n6.1.3. jei duomen\u0173 perdavimas yra b\u016btinas SIA &#8222;JONNEX-FARMA&#8221; ar tre\u010di\u0173j\u0173 asmen\u0173 teis\u0117tiems interesams u\u017etikrinti.<br \/>\n6.2. Duomen\u0173 subjekt\u0173 asmens duomenys nesiun\u010diami ir netvarkomi u\u017e ES ar EEE rib\u0173.<br \/>\n<strong>7. Duomen\u0173 subjekt\u0173 teis\u0117s ir pareigos<\/strong><br \/>\n7.1. Duomen\u0173 subjektas turi teis\u0119 gauti norminiuose teis\u0117s aktuose nurodyt\u0105 informacij\u0105, susijusi\u0105 su jo duomen\u0173 tvarkymu, reikalauti i\u0161taisyti duomenis arba nesutikti, kad b\u016bt\u0173 tvarkomi asmens duomenys.<br \/>\n7.2. Duomen\u0173 subjektas pra\u0161ym\u0105 \u012fgyvendinti savo teises gali pateikti ra\u0161ytine forma asmeni\u0161kai, pateikdamas asmens tapatyb\u0119 patvirtinant\u012f dokument\u0105 arba elektroniniu pa\u0161tu, pasira\u0161ydamas saugiu elektroniniu para\u0161u.<br \/>\n7.3. SIA &#8222;JONNEX-FARMA&#8221;, tvarkydama duomen\u0173 subjekto pra\u0161ym\u0105 pasinaudoti savo teis\u0117mis, nustato duomen\u0173 subjekto tapatyb\u0119, \u012fvertina pra\u0161ym\u0105 ir j\u012f \u012fvykdo norminiais aktais.<br \/>\n7.4. SIA &#8222;JONNEX-FARMA&#8221; norminiais aktais u\u017etikrina duomen\u0173 tvarkymo ir apsaugos reikalavim\u0173 laikym\u0105si. Duomen\u0173 subjektui parei\u0161kus pretenzijas, SIA &#8222;JONNEX-FARMA&#8221; imsis vis\u0173 reikiam\u0173 veiksm\u0173 pretenzijai i\u0161spr\u0119sti. Vis d\u0117lto, jei tai nepavyksta, duomen\u0173 subjektas turi teis\u0119 kreiptis \u012f prie\u017ei\u016bros institucij\u0105 &#8211; duomen\u0173 valstybin\u0119 inspekcij\u0105.<br \/>\n<strong>8. Baigiamosios nuostatos<\/strong><br \/>\n8.1. Duomen\u0173 subjekt\u0173 pra\u0161ymai ir pra\u0161ymai pateikti informacij\u0105 tvarkomi nemokamai. Ta\u010diau jei pra\u0161ymas yra akivaizd\u017eiai nepagr\u012fstas ar neproporcingas arba kitais norminiuose aktuose numatytais atvejais svarstymas gali b\u016bti atmestas arba gali b\u016bti taikomas proporcingas mokestis.<br \/>\n8.2. Duomen\u0173 subjektas privalo susipa\u017einti su \u0161ia Privatumo politika, taip pat supa\u017eindinti j\u0105 su kiekvienu asmeniu, kuris yra susij\u0119s su \u0161iuo duomen\u0173 subjektu ir kurio interesams d\u0117l to gali tur\u0117ti \u012ftakos \u0161io asmens duomen\u0173 tvarkymo procesai.8.3. Su Privatumo politika galima laisvai susipa\u017einti SIA &#8222;JONNEX-FARMA&#8221; interneto svetain\u0117je, www.elitevit.eu.<\/p>\n<p>&nbsp;<\/p>\n        <\/div>\r\n    <\/div>\r\n<\/section>\r\n","protected":false},"excerpt":{"rendered":"","protected":false},"author":1,"featured_media":140,"parent":0,"menu_order":0,"comment_status":"closed","ping_status":"closed","template":"template-simple-page.php","meta":{"_acf_changed":false,"footnotes":""},"class_list":["post-570","page","type-page","status-publish","has-post-thumbnail","hentry"],"acf":[],"yoast_head":"<!-- This site is optimized with the Yoast SEO plugin v27.3 - https:\/\/yoast.com\/product\/yoast-seo-wordpress\/ -->\n<title>Privatumo politika - Elite<\/title>\n<meta name=\"robots\" content=\"index, follow, max-snippet:-1, max-image-preview:large, max-video-preview:-1\" \/>\n<link rel=\"canonical\" href=\"https:\/\/elitevit.eu\/lt\/privatumo-politika\/\" \/>\n<meta property=\"og:locale\" content=\"lt_LT\" \/>\n<meta property=\"og:type\" content=\"article\" \/>\n<meta property=\"og:title\" content=\"Privatumo politika - Elite\" \/>\n<meta property=\"og:url\" content=\"https:\/\/elitevit.eu\/lt\/privatumo-politika\/\" \/>\n<meta property=\"og:site_name\" content=\"Elite\" \/>\n<meta property=\"article:modified_time\" content=\"2024-06-18T09:49:47+00:00\" \/>\n<meta property=\"og:image\" content=\"https:\/\/elitevit.eu\/wp-content\/uploads\/2024\/04\/BG-4.jpg\" \/>\n\t<meta property=\"og:image:width\" content=\"1280\" \/>\n\t<meta property=\"og:image:height\" content=\"620\" \/>\n\t<meta property=\"og:image:type\" content=\"image\/jpeg\" \/>\n<meta name=\"twitter:card\" content=\"summary_large_image\" \/>\n<meta name=\"twitter:label1\" content=\"Est. reading time\" \/>\n\t<meta name=\"twitter:data1\" content=\"1 minut\u0117\" \/>\n<script type=\"application\/ld+json\" class=\"yoast-schema-graph\">{\"@context\":\"https:\\\/\\\/schema.org\",\"@graph\":[{\"@type\":\"WebPage\",\"@id\":\"https:\\\/\\\/elitevit.eu\\\/lt\\\/privatumo-politika\\\/\",\"url\":\"https:\\\/\\\/elitevit.eu\\\/lt\\\/privatumo-politika\\\/\",\"name\":\"Privatumo politika - Elite\",\"isPartOf\":{\"@id\":\"https:\\\/\\\/elitevit.eu\\\/lt\\\/#website\"},\"primaryImageOfPage\":{\"@id\":\"https:\\\/\\\/elitevit.eu\\\/lt\\\/privatumo-politika\\\/#primaryimage\"},\"image\":{\"@id\":\"https:\\\/\\\/elitevit.eu\\\/lt\\\/privatumo-politika\\\/#primaryimage\"},\"thumbnailUrl\":\"https:\\\/\\\/elitevit.eu\\\/wp-content\\\/uploads\\\/2024\\\/04\\\/BG-4.jpg\",\"datePublished\":\"2024-04-24T08:08:34+00:00\",\"dateModified\":\"2024-06-18T09:49:47+00:00\",\"breadcrumb\":{\"@id\":\"https:\\\/\\\/elitevit.eu\\\/lt\\\/privatumo-politika\\\/#breadcrumb\"},\"inLanguage\":\"lt-LT\",\"potentialAction\":[{\"@type\":\"ReadAction\",\"target\":[\"https:\\\/\\\/elitevit.eu\\\/lt\\\/privatumo-politika\\\/\"]}]},{\"@type\":\"ImageObject\",\"inLanguage\":\"lt-LT\",\"@id\":\"https:\\\/\\\/elitevit.eu\\\/lt\\\/privatumo-politika\\\/#primaryimage\",\"url\":\"https:\\\/\\\/elitevit.eu\\\/wp-content\\\/uploads\\\/2024\\\/04\\\/BG-4.jpg\",\"contentUrl\":\"https:\\\/\\\/elitevit.eu\\\/wp-content\\\/uploads\\\/2024\\\/04\\\/BG-4.jpg\",\"width\":1280,\"height\":620},{\"@type\":\"BreadcrumbList\",\"@id\":\"https:\\\/\\\/elitevit.eu\\\/lt\\\/privatumo-politika\\\/#breadcrumb\",\"itemListElement\":[{\"@type\":\"ListItem\",\"position\":1,\"name\":\"Home\",\"item\":\"https:\\\/\\\/elitevit.eu\\\/lt\\\/\"},{\"@type\":\"ListItem\",\"position\":2,\"name\":\"Privatumo politika\"}]},{\"@type\":\"WebSite\",\"@id\":\"https:\\\/\\\/elitevit.eu\\\/lt\\\/#website\",\"url\":\"https:\\\/\\\/elitevit.eu\\\/lt\\\/\",\"name\":\"Elite\",\"description\":\"\",\"potentialAction\":[{\"@type\":\"SearchAction\",\"target\":{\"@type\":\"EntryPoint\",\"urlTemplate\":\"https:\\\/\\\/elitevit.eu\\\/lt\\\/?s={search_term_string}\"},\"query-input\":{\"@type\":\"PropertyValueSpecification\",\"valueRequired\":true,\"valueName\":\"search_term_string\"}}],\"inLanguage\":\"lt-LT\"}]}<\/script>\n<!-- \/ Yoast SEO plugin. -->","yoast_head_json":{"title":"Privatumo politika - Elite","robots":{"index":"index","follow":"follow","max-snippet":"max-snippet:-1","max-image-preview":"max-image-preview:large","max-video-preview":"max-video-preview:-1"},"canonical":"https:\/\/elitevit.eu\/lt\/privatumo-politika\/","og_locale":"lt_LT","og_type":"article","og_title":"Privatumo politika - Elite","og_url":"https:\/\/elitevit.eu\/lt\/privatumo-politika\/","og_site_name":"Elite","article_modified_time":"2024-06-18T09:49:47+00:00","og_image":[{"width":1280,"height":620,"url":"https:\/\/elitevit.eu\/wp-content\/uploads\/2024\/04\/BG-4.jpg","type":"image\/jpeg"}],"twitter_card":"summary_large_image","twitter_misc":{"Est. reading time":"1 minut\u0117"},"schema":{"@context":"https:\/\/schema.org","@graph":[{"@type":"WebPage","@id":"https:\/\/elitevit.eu\/lt\/privatumo-politika\/","url":"https:\/\/elitevit.eu\/lt\/privatumo-politika\/","name":"Privatumo politika - Elite","isPartOf":{"@id":"https:\/\/elitevit.eu\/lt\/#website"},"primaryImageOfPage":{"@id":"https:\/\/elitevit.eu\/lt\/privatumo-politika\/#primaryimage"},"image":{"@id":"https:\/\/elitevit.eu\/lt\/privatumo-politika\/#primaryimage"},"thumbnailUrl":"https:\/\/elitevit.eu\/wp-content\/uploads\/2024\/04\/BG-4.jpg","datePublished":"2024-04-24T08:08:34+00:00","dateModified":"2024-06-18T09:49:47+00:00","breadcrumb":{"@id":"https:\/\/elitevit.eu\/lt\/privatumo-politika\/#breadcrumb"},"inLanguage":"lt-LT","potentialAction":[{"@type":"ReadAction","target":["https:\/\/elitevit.eu\/lt\/privatumo-politika\/"]}]},{"@type":"ImageObject","inLanguage":"lt-LT","@id":"https:\/\/elitevit.eu\/lt\/privatumo-politika\/#primaryimage","url":"https:\/\/elitevit.eu\/wp-content\/uploads\/2024\/04\/BG-4.jpg","contentUrl":"https:\/\/elitevit.eu\/wp-content\/uploads\/2024\/04\/BG-4.jpg","width":1280,"height":620},{"@type":"BreadcrumbList","@id":"https:\/\/elitevit.eu\/lt\/privatumo-politika\/#breadcrumb","itemListElement":[{"@type":"ListItem","position":1,"name":"Home","item":"https:\/\/elitevit.eu\/lt\/"},{"@type":"ListItem","position":2,"name":"Privatumo politika"}]},{"@type":"WebSite","@id":"https:\/\/elitevit.eu\/lt\/#website","url":"https:\/\/elitevit.eu\/lt\/","name":"Elite","description":"","potentialAction":[{"@type":"SearchAction","target":{"@type":"EntryPoint","urlTemplate":"https:\/\/elitevit.eu\/lt\/?s={search_term_string}"},"query-input":{"@type":"PropertyValueSpecification","valueRequired":true,"valueName":"search_term_string"}}],"inLanguage":"lt-LT"}]}},"_links":{"self":[{"href":"https:\/\/elitevit.eu\/lt\/wp-json\/wp\/v2\/pages\/570","targetHints":{"allow":["GET"]}}],"collection":[{"href":"https:\/\/elitevit.eu\/lt\/wp-json\/wp\/v2\/pages"}],"about":[{"href":"https:\/\/elitevit.eu\/lt\/wp-json\/wp\/v2\/types\/page"}],"author":[{"embeddable":true,"href":"https:\/\/elitevit.eu\/lt\/wp-json\/wp\/v2\/users\/1"}],"replies":[{"embeddable":true,"href":"https:\/\/elitevit.eu\/lt\/wp-json\/wp\/v2\/comments?post=570"}],"version-history":[{"count":4,"href":"https:\/\/elitevit.eu\/lt\/wp-json\/wp\/v2\/pages\/570\/revisions"}],"predecessor-version":[{"id":574,"href":"https:\/\/elitevit.eu\/lt\/wp-json\/wp\/v2\/pages\/570\/revisions\/574"}],"wp:featuredmedia":[{"embeddable":true,"href":"https:\/\/elitevit.eu\/lt\/wp-json\/wp\/v2\/media\/140"}],"wp:attachment":[{"href":"https:\/\/elitevit.eu\/lt\/wp-json\/wp\/v2\/media?parent=570"}],"curies":[{"name":"wp","href":"https:\/\/api.w.org\/{rel}","templated":true}]}}