{"id":529,"date":"2024-04-17T15:20:48","date_gmt":"2024-04-17T12:20:48","guid":{"rendered":"https:\/\/elitevit.eu\/kontaktai\/"},"modified":"2024-06-07T11:43:39","modified_gmt":"2024-06-07T08:43:39","slug":"kontaktai","status":"publish","type":"page","link":"https:\/\/elitevit.eu\/lt\/kontaktai\/","title":{"rendered":"Kontaktai"},"content":{"rendered":"<section id=\"page-header-block_5bb108dd263be89b00eaf45c96b20c50\" class=\"block page-header\">\n\n            <div class=\"image-wrapper\">\n            <img decoding=\"async\" src=\"https:\/\/elitevit.eu\/wp-content\/uploads\/2024\/04\/contact-us.jpg\" alt=\"\">\n        <\/div>\n        <div class=\"container\">\n        <div class=\"row align-items-end text-start\">\n            <div class=\"col-12 col-md-6\">\n                <h1>Kontaktai<\/h1>\n            <\/div>\n            <div class=\"col-12 col-md-6 large-p\">\n                <p>Norite susisiekti su \u201eElite\u201c komanda? \u017demiau rasite m\u016bs\u0173 biuro Europoje, Latvijoje, informacij\u0105 ir tiesioginio kontakto form\u0105.<\/p>\n            <\/div>\n        <\/div>\n    <\/div>\n\n<\/section>\n\n\n<section id=\"form-block_45f2e1991b8b39d236911e420f060821\" class=\"block form\" data-animate>\r\n\r\n    <div class=\"container\">\r\n        <div class=\"row justify-content-between\" data-animate-in>\r\n            <div class=\"col-12 col-md-6 col-content\">\r\n                \r\n                    <div class=\"contact-list\">\n                    <div class=\"contact-item\">\n                                    <div class=\"contact-icon\">\n                                                    <svg width=\"32\" height=\"32\" viewBox=\"0 0 32 32\" fill=\"none\" xmlns=\"http:\/\/www.w3.org\/2000\/svg\">\n                                <path d=\"M3 10.7046C3 10.7361 3 10.7679 3 10.8V22.2C3 23.8802 3 24.7202 3.32698 25.362C3.6146 25.9265 4.07354 26.3854 4.63803 26.673C5.27976 27 6.11984 27 7.8 27H23.2C24.8802 27 25.7202 27 26.362 26.673C26.9265 26.3854 27.3854 25.9265 27.673 25.362C28 24.7202 28 23.8802 28 22.2V10.8C28 10.7682 28 10.7368 28 10.7056L19.1474 17.9558C18.6297 18.3799 18.1991 18.7326 17.8223 18.9971C17.4283 19.2736 17.0372 19.4951 16.5848 19.6225C15.8758 19.8222 15.1254 19.8222 14.4164 19.6225C13.964 19.4951 13.5729 19.2736 13.1789 18.9971C12.8021 18.7325 12.3716 18.3799 11.8539 17.9559L3 10.7046Z\" fill=\"black\"\/>\n                                <path d=\"M3.1254 8.22213L13.0929 16.3855C13.646 16.8385 14.0192 17.1434 14.3281 17.3602C14.6266 17.5697 14.8079 17.655 14.9585 17.6974C15.313 17.7972 15.6882 17.7972 16.0427 17.6974C16.1933 17.655 16.3746 17.5697 16.6731 17.3602C16.982 17.1434 17.3552 16.8385 17.9083 16.3855L27.8748 8.22297C27.8276 8.00433 27.7626 7.81375 27.673 7.63803C27.3854 7.07354 26.9265 6.6146 26.362 6.32698C25.7202 6 24.8802 6 23.2 6H7.8C6.11984 6 5.27976 6 4.63803 6.32698C4.07354 6.6146 3.6146 7.07354 3.32698 7.63803C3.23756 7.81352 3.1726 8.00385 3.1254 8.22213Z\" fill=\"black\"\/>\n                            <\/svg>\n                                                                                            <\/div>\n                                                    <a href=\"mailto:hello@jonnex.eu\" target=\"\">\n                        hello@jonnex.eu                    <\/a>\n                            <\/div>\n                    <div class=\"contact-item\">\n                                    <div class=\"contact-icon\">\n                                                                            <svg width=\"32\" height=\"32\" viewBox=\"0 0 32 32\" fill=\"none\" xmlns=\"http:\/\/www.w3.org\/2000\/svg\">\n                                <path d=\"M28.985 21.885C28.7621 23.5788 27.9303 25.1335 26.6449 26.2588C25.3595 27.3841 23.7084 28.0031 22 28C12.075 28 4.00001 19.925 4.00001 10C3.99695 8.29162 4.61587 6.64053 5.74118 5.35513C6.86649 4.06972 8.42122 3.23789 10.115 3.01501C10.5433 2.96271 10.9771 3.05033 11.3515 3.2648C11.7259 3.47928 12.0209 3.80909 12.1925 4.20501L14.8325 10.0988V10.1138C14.9639 10.4168 15.0181 10.7477 14.9904 11.0769C14.9627 11.406 14.8539 11.7232 14.6738 12C14.6513 12.0338 14.6275 12.065 14.6025 12.0963L12 15.1813C12.9363 17.0838 14.9263 19.0563 16.8538 19.995L19.8963 17.4063C19.9261 17.3811 19.9574 17.3578 19.99 17.3363C20.2666 17.1518 20.5849 17.0391 20.916 17.0086C21.2471 16.978 21.5806 17.0305 21.8863 17.1613L21.9025 17.1688L27.7913 19.8075C28.1879 19.9785 28.5185 20.2732 28.7337 20.6477C28.9489 21.0222 29.037 21.4563 28.985 21.885Z\" fill=\"black\"\/>\n                            <\/svg>\n                                                                    <\/div>\n                                                    <a href=\"tel:+371 67399397\" target=\"\">\n                        +371 67399397                    <\/a>\n                            <\/div>\n                    <div class=\"contact-item\">\n                                    <div class=\"contact-icon\">\n                                                                                                    <svg width=\"32\" height=\"32\" viewBox=\"0 0 32 32\" fill=\"none\" xmlns=\"http:\/\/www.w3.org\/2000\/svg\">\n                                <path fill-rule=\"evenodd\" clip-rule=\"evenodd\" d=\"M16.5 31C15.8584 31 15.4124 30.3965 14.65 29.365C14.5385 29.2141 14.4202 29.0541 14.2936 28.8855L13.7214 28.1235L13.7212 28.1233C7.9402 20.4256 7.89336 20.3633 6.53849 18.0485C5.56002 16.3767 5 14.4358 5 12.3656C5 6.08857 10.1487 1 16.5 1C22.8513 1 28 6.08857 28 12.3656C28 14.4358 27.44 16.3767 26.4615 18.0485C25.1066 20.3633 25.0598 20.4256 19.2788 28.1233L19.2786 28.1235L18.7064 28.8855C18.5798 29.0541 18.4615 29.2141 18.35 29.365C17.5877 30.3965 17.1416 31 16.5 31ZM16.5 17.1233C19.1587 17.1233 21.314 14.9933 21.314 12.3656C21.314 9.73803 19.1587 7.60793 16.5 7.60793C13.8413 7.60793 11.686 9.73803 11.686 12.3656C11.686 14.9933 13.8413 17.1233 16.5 17.1233Z\" fill=\"black\"\/>\n                            <\/svg>\n                                            <\/div>\n                                                    <p>Mukusalas str. 41B Riga, LV-1004, Latvia<\/p>\n                            <\/div>\n            <\/div>\n\r\n            <\/div>\r\n            <div class=\"col-12 col-md-5 col-form\">\r\n\r\n                                    <div class=\"contact-form-wrap\">\r\n                        <script type=\"text\/javascript\">\n\/* <![CDATA[ *\/\nvar gform;gform||(document.addEventListener(\"gform_main_scripts_loaded\",function(){gform.scriptsLoaded=!0}),document.addEventListener(\"gform\/theme\/scripts_loaded\",function(){gform.themeScriptsLoaded=!0}),window.addEventListener(\"DOMContentLoaded\",function(){gform.domLoaded=!0}),gform={domLoaded:!1,scriptsLoaded:!1,themeScriptsLoaded:!1,isFormEditor:()=>\"function\"==typeof InitializeEditor,callIfLoaded:function(o){return!(!gform.domLoaded||!gform.scriptsLoaded||!gform.themeScriptsLoaded&&!gform.isFormEditor()||(gform.isFormEditor()&&console.warn(\"The use of gform.initializeOnLoaded() is deprecated in the form editor context and will be removed in Gravity Forms 3.1.\"),o(),0))},initializeOnLoaded:function(o){gform.callIfLoaded(o)||(document.addEventListener(\"gform_main_scripts_loaded\",()=>{gform.scriptsLoaded=!0,gform.callIfLoaded(o)}),document.addEventListener(\"gform\/theme\/scripts_loaded\",()=>{gform.themeScriptsLoaded=!0,gform.callIfLoaded(o)}),window.addEventListener(\"DOMContentLoaded\",()=>{gform.domLoaded=!0,gform.callIfLoaded(o)}))},hooks:{action:{},filter:{}},addAction:function(o,r,e,t){gform.addHook(\"action\",o,r,e,t)},addFilter:function(o,r,e,t){gform.addHook(\"filter\",o,r,e,t)},doAction:function(o){gform.doHook(\"action\",o,arguments)},applyFilters:function(o){return gform.doHook(\"filter\",o,arguments)},removeAction:function(o,r){gform.removeHook(\"action\",o,r)},removeFilter:function(o,r,e){gform.removeHook(\"filter\",o,r,e)},addHook:function(o,r,e,t,n){null==gform.hooks[o][r]&&(gform.hooks[o][r]=[]);var d=gform.hooks[o][r];null==n&&(n=r+\"_\"+d.length),gform.hooks[o][r].push({tag:n,callable:e,priority:t=null==t?10:t})},doHook:function(r,o,e){var t;if(e=Array.prototype.slice.call(e,1),null!=gform.hooks[r][o]&&((o=gform.hooks[r][o]).sort(function(o,r){return o.priority-r.priority}),o.forEach(function(o){\"function\"!=typeof(t=o.callable)&&(t=window[t]),\"action\"==r?t.apply(null,e):e[0]=t.apply(null,e)})),\"filter\"==r)return e[0]},removeHook:function(o,r,t,n){var e;null!=gform.hooks[o][r]&&(e=(e=gform.hooks[o][r]).filter(function(o,r,e){return!!(null!=n&&n!=o.tag||null!=t&&t!=o.priority)}),gform.hooks[o][r]=e)}});\n\/* ]]> *\/\n<\/script>\n\n                <div class='gf_browser_gecko gform_wrapper gravity-theme gform-theme--no-framework' data-form-theme='gravity-theme' data-form-index='0' id='gform_wrapper_3' ><div id='gf_3' class='gform_anchor' tabindex='-1'><\/div>\n                        <div class='gform_heading'>\n\t\t\t\t\t\t\t<p class='gform_required_legend'>&quot;<span class=\"gfield_required gfield_required_asterisk\">*<\/span>&quot; indicates required fields<\/p>\n                        <\/div><form method='post' enctype='multipart\/form-data' target='gform_ajax_frame_3' id='gform_3'  action='\/lt\/wp-json\/wp\/v2\/pages\/529#gf_3' data-formid='3' novalidate>\n                        <div class='gform-body gform_body'><div id='gform_fields_3' class='gform_fields top_label form_sublabel_below description_below validation_below'><div id=\"field_3_1\" class=\"gfield gfield--type-text gfield--input-type-text field_sublabel_below gfield--no-description field_description_below field_validation_below gfield_visibility_visible\"  ><label class='gfield_label gform-field-label' for='input_3_1'>Tavo vardas<\/label><div class='ginput_container ginput_container_text'><input name='input_1' id='input_3_1' type='text' value='' class='large'   tabindex='1' placeholder='\u012eveskite savo vard\u0105'  aria-invalid=\"false\"   \/><\/div><\/div><div id=\"field_3_6\" class=\"gfield gfield--type-email gfield--input-type-email gfield--width-full gfield_contains_required field_sublabel_below gfield--no-description field_description_below field_validation_below gfield_visibility_visible\"  ><label class='gfield_label gform-field-label' for='input_3_6'>Tavo elektroninis pa\u0161tas<span class=\"gfield_required\"><span class=\"gfield_required gfield_required_asterisk\">*<\/span><\/span><\/label><div class='ginput_container ginput_container_email'>\n                            <input name='input_6' id='input_3_6' type='email' value='' class='large' tabindex='1'  placeholder='sample@email.com' aria-required=\"true\" aria-invalid=\"false\"  \/>\n                        <\/div><\/div><div id=\"field_3_4\" class=\"gfield gfield--type-textarea gfield--input-type-textarea gfield_contains_required field_sublabel_below gfield--no-description field_description_below field_validation_below gfield_visibility_visible\"  ><label class='gfield_label gform-field-label' for='input_3_4'>Prane\u0161imas<span class=\"gfield_required\"><span class=\"gfield_required gfield_required_asterisk\">*<\/span><\/span><\/label><div class='ginput_container ginput_container_textarea'><textarea name='input_4' id='input_3_4' class='textarea medium' tabindex='1'  maxlength='500' placeholder='\u012eveskite savo prane\u0161im\u0105 \u010dia asd' aria-required=\"true\" aria-invalid=\"false\"   rows='10' cols='50'><\/textarea><\/div><\/div><fieldset id=\"field_3_5\" class=\"gfield gfield--type-consent gfield--type-choice gfield--input-type-consent gfield_contains_required field_sublabel_below gfield--no-description field_description_below field_validation_below gfield_visibility_visible\"  ><legend class='gfield_label gform-field-label gfield_label_before_complex' >Consent<span class=\"gfield_required\"><span class=\"gfield_required gfield_required_asterisk\">*<\/span><\/span><\/legend><div class='ginput_container ginput_container_consent'><input name='input_5.1' id='input_3_5_1' type='checkbox' value='1' tabindex='1'  aria-required=\"true\" aria-invalid=\"false\"   \/> <label class=\"gform-field-label gform-field-label--type-inline gfield_consent_label\" for='input_3_5_1' >Sutinku su <a href=\"\/lt\/privacy-policy\/\" target=\"_blank\"> Privatumo politika<\/a>.<\/label><input type='hidden' name='input_5.2' value='Sutinku su &lt;a href=&quot;\/lt\/privacy-policy\/&quot; target=&quot;_blank&quot;&gt; Privatumo politika&lt;\/a&gt;.' class='gform_hidden' \/><input type='hidden' name='input_5.3' value='3' class='gform_hidden' \/><\/div><\/fieldset><\/div><\/div>\n        <div class='gform-footer gform_footer top_label'> <input type='submit' id='gform_submit_button_3' class='gform_button button' onclick='gform.submission.handleButtonClick(this);' data-submission-type='submit' value='Pateikti' tabindex='1' \/> <input type='hidden' name='gform_ajax' value='form_id=3&amp;title=&amp;description=&amp;tabindex=1&amp;theme=gravity-theme&amp;hash=88d91457ce4f93f1ce3f654f4ba5a235' \/>\n            <input type='hidden' class='gform_hidden' name='gform_submission_method' data-js='gform_submission_method_3' value='iframe' \/>\n            <input type='hidden' class='gform_hidden' name='gform_theme' data-js='gform_theme_3' id='gform_theme_3' value='gravity-theme' \/>\n            <input type='hidden' class='gform_hidden' name='gform_style_settings' data-js='gform_style_settings_3' id='gform_style_settings_3' value='' \/>\n            <input type='hidden' class='gform_hidden' name='is_submit_3' value='1' \/>\n            <input type='hidden' class='gform_hidden' name='gform_submit' value='3' \/>\n            \n            <input type='hidden' class='gform_hidden' name='gform_currency' data-currency='EUR' value='yo5t5Y2\/b6hWIPit86oXG2cokQEo7ZEWfss9i1NIyX3if1ABjgT8ie0jbB23dAzzZ42+NhW+8zYcUUSLN5vqNnQYDk1\/976twvgIIpSG2t4vICY=' \/>\n            <input type='hidden' class='gform_hidden' name='gform_unique_id' value='' \/>\n            <input type='hidden' class='gform_hidden' name='state_3' value='WyJ7XCI1LjFcIjpcIjg3MDIxYjRlMGZhNzhkNjI1YTgyNGExOTIyYWVlM2ExXCIsXCI1LjJcIjpcImE0MmIyNjcwYTU3MGQ3YTJhYjA3MjgyODFlMzZkMjFkXCIsXCI1LjNcIjpcIjdhZjBmODdiMTAyODlhMDk5YmRlYTBhNDFhOTE4ZGNhXCJ9IiwiY2E5YmJlZjUzZTBkMmExZWJkOTk5NzYyNmFkYzE0NmIiXQ==' \/>\n            <input type='hidden' autocomplete='off' class='gform_hidden' name='gform_target_page_number_3' id='gform_target_page_number_3' value='0' \/>\n            <input type='hidden' autocomplete='off' class='gform_hidden' name='gform_source_page_number_3' id='gform_source_page_number_3' value='1' \/>\n            <input type='hidden' name='gform_field_values' value='' \/>\n            \n        <\/div>\n                        <\/form>\n                        <\/div>\n\t\t                <iframe style='display:none;width:0px;height:0px;' src='about:blank' name='gform_ajax_frame_3' id='gform_ajax_frame_3' title='This iframe contains the logic required to handle Ajax powered Gravity Forms.'><\/iframe>\n\t\t                <script type=\"text\/javascript\">\n\/* <![CDATA[ *\/\n gform.initializeOnLoaded( function() {gformInitSpinner( 3, 'https:\/\/elitevit.eu\/wp-content\/plugins\/gravityforms\/images\/spinner.svg', true );jQuery('#gform_ajax_frame_3').on('load',function(){var contents = jQuery(this).contents().find('*').html();var is_postback = contents.indexOf('GF_AJAX_POSTBACK') >= 0;if(!is_postback){return;}var form_content = jQuery(this).contents().find('#gform_wrapper_3');var is_confirmation = jQuery(this).contents().find('#gform_confirmation_wrapper_3').length > 0;var is_redirect = contents.indexOf('gformRedirect(){') >= 0;var is_form = form_content.length > 0 && ! is_redirect && ! is_confirmation;var mt = parseInt(jQuery('html').css('margin-top'), 10) + parseInt(jQuery('body').css('margin-top'), 10) + 100;if(is_form){jQuery('#gform_wrapper_3').html(form_content.html());if(form_content.hasClass('gform_validation_error')){jQuery('#gform_wrapper_3').addClass('gform_validation_error');} else {jQuery('#gform_wrapper_3').removeClass('gform_validation_error');}setTimeout( function() { \/* delay the scroll by 50 milliseconds to fix a bug in chrome *\/ jQuery(document).scrollTop(jQuery('#gform_wrapper_3').offset().top - mt); }, 50 );if(window['gformInitDatepicker']) {gformInitDatepicker();}if(window['gformInitPriceFields']) {gformInitPriceFields();}var current_page = jQuery('#gform_source_page_number_3').val();gformInitSpinner( 3, 'https:\/\/elitevit.eu\/wp-content\/plugins\/gravityforms\/images\/spinner.svg', true );jQuery(document).trigger('gform_page_loaded', [3, current_page]);window['gf_submitting_3'] = false;}else if(!is_redirect){var confirmation_content = jQuery(this).contents().find('.GF_AJAX_POSTBACK').html();if(!confirmation_content){confirmation_content = contents;}jQuery('#gform_wrapper_3').replaceWith(confirmation_content);jQuery(document).scrollTop(jQuery('#gf_3').offset().top - mt);jQuery(document).trigger('gform_confirmation_loaded', [3]);window['gf_submitting_3'] = false;wp.a11y.speak(jQuery('#gform_confirmation_message_3').text());}else{jQuery('#gform_3').append(contents);if(window['gformRedirect']) {gformRedirect();}}jQuery(document).trigger(\"gform_pre_post_render\", [{ formId: \"3\", currentPage: \"current_page\", abort: function() { this.preventDefault(); } }]);        if (event && event.defaultPrevented) {                return;        }        const gformWrapperDiv = document.getElementById( \"gform_wrapper_3\" );        if ( gformWrapperDiv ) {            const visibilitySpan = document.createElement( \"span\" );            visibilitySpan.id = \"gform_visibility_test_3\";            gformWrapperDiv.insertAdjacentElement( \"afterend\", visibilitySpan );        }        const visibilityTestDiv = document.getElementById( \"gform_visibility_test_3\" );        let postRenderFired = false;        function triggerPostRender() {            if ( postRenderFired ) {                return;            }            postRenderFired = true;            gform.core.triggerPostRenderEvents( 3, current_page );            if ( visibilityTestDiv ) {                visibilityTestDiv.parentNode.removeChild( visibilityTestDiv );            }        }        function debounce( func, wait, immediate ) {            var timeout;            return function() {                var context = this, args = arguments;                var later = function() {                    timeout = null;                    if ( !immediate ) func.apply( context, args );                };                var callNow = immediate && !timeout;                clearTimeout( timeout );                timeout = setTimeout( later, wait );                if ( callNow ) func.apply( context, args );            };        }        const debouncedTriggerPostRender = debounce( function() {            triggerPostRender();        }, 200 );        if ( visibilityTestDiv && visibilityTestDiv.offsetParent === null ) {            const observer = new MutationObserver( ( mutations ) => {                mutations.forEach( ( mutation ) => {                    if ( mutation.type === 'attributes' && visibilityTestDiv.offsetParent !== null ) {                        debouncedTriggerPostRender();                        observer.disconnect();                    }                });            });            observer.observe( document.body, {                attributes: true,                childList: false,                subtree: true,                attributeFilter: [ 'style', 'class' ],            });        } else {            triggerPostRender();        }    } );} ); \n\/* ]]> *\/\n<\/script>\n                    <\/div>\r\n                \r\n            <\/div>\r\n        <\/div>\r\n    <\/div>\r\n\r\n<\/section>\r\n","protected":false},"excerpt":{"rendered":"","protected":false},"author":1,"featured_media":0,"parent":0,"menu_order":0,"comment_status":"closed","ping_status":"closed","template":"","meta":{"_acf_changed":false,"footnotes":""},"class_list":["post-529","page","type-page","status-publish","hentry"],"acf":[],"yoast_head":"<!-- This site is optimized with the Yoast SEO plugin v27.3 - https:\/\/yoast.com\/product\/yoast-seo-wordpress\/ -->\n<title>Kontaktai - Elite<\/title>\n<meta name=\"robots\" content=\"index, follow, max-snippet:-1, max-image-preview:large, max-video-preview:-1\" \/>\n<link rel=\"canonical\" href=\"https:\/\/elitevit.eu\/lt\/kontaktai\/\" \/>\n<meta property=\"og:locale\" content=\"lt_LT\" \/>\n<meta property=\"og:type\" content=\"article\" \/>\n<meta property=\"og:title\" content=\"Kontaktai - Elite\" \/>\n<meta property=\"og:url\" content=\"https:\/\/elitevit.eu\/lt\/kontaktai\/\" \/>\n<meta property=\"og:site_name\" content=\"Elite\" \/>\n<meta property=\"article:modified_time\" content=\"2024-06-07T08:43:39+00:00\" \/>\n<meta name=\"twitter:card\" content=\"summary_large_image\" \/>\n<script type=\"application\/ld+json\" class=\"yoast-schema-graph\">{\"@context\":\"https:\\\/\\\/schema.org\",\"@graph\":[{\"@type\":\"WebPage\",\"@id\":\"https:\\\/\\\/elitevit.eu\\\/lt\\\/kontaktai\\\/\",\"url\":\"https:\\\/\\\/elitevit.eu\\\/lt\\\/kontaktai\\\/\",\"name\":\"Kontaktai - Elite\",\"isPartOf\":{\"@id\":\"https:\\\/\\\/elitevit.eu\\\/lt\\\/#website\"},\"datePublished\":\"2024-04-17T12:20:48+00:00\",\"dateModified\":\"2024-06-07T08:43:39+00:00\",\"breadcrumb\":{\"@id\":\"https:\\\/\\\/elitevit.eu\\\/lt\\\/kontaktai\\\/#breadcrumb\"},\"inLanguage\":\"lt-LT\",\"potentialAction\":[{\"@type\":\"ReadAction\",\"target\":[\"https:\\\/\\\/elitevit.eu\\\/lt\\\/kontaktai\\\/\"]}]},{\"@type\":\"BreadcrumbList\",\"@id\":\"https:\\\/\\\/elitevit.eu\\\/lt\\\/kontaktai\\\/#breadcrumb\",\"itemListElement\":[{\"@type\":\"ListItem\",\"position\":1,\"name\":\"Home\",\"item\":\"https:\\\/\\\/elitevit.eu\\\/lt\\\/\"},{\"@type\":\"ListItem\",\"position\":2,\"name\":\"Kontaktai\"}]},{\"@type\":\"WebSite\",\"@id\":\"https:\\\/\\\/elitevit.eu\\\/lt\\\/#website\",\"url\":\"https:\\\/\\\/elitevit.eu\\\/lt\\\/\",\"name\":\"Elite\",\"description\":\"\",\"potentialAction\":[{\"@type\":\"SearchAction\",\"target\":{\"@type\":\"EntryPoint\",\"urlTemplate\":\"https:\\\/\\\/elitevit.eu\\\/lt\\\/?s={search_term_string}\"},\"query-input\":{\"@type\":\"PropertyValueSpecification\",\"valueRequired\":true,\"valueName\":\"search_term_string\"}}],\"inLanguage\":\"lt-LT\"}]}<\/script>\n<!-- \/ Yoast SEO plugin. -->","yoast_head_json":{"title":"Kontaktai - Elite","robots":{"index":"index","follow":"follow","max-snippet":"max-snippet:-1","max-image-preview":"max-image-preview:large","max-video-preview":"max-video-preview:-1"},"canonical":"https:\/\/elitevit.eu\/lt\/kontaktai\/","og_locale":"lt_LT","og_type":"article","og_title":"Kontaktai - Elite","og_url":"https:\/\/elitevit.eu\/lt\/kontaktai\/","og_site_name":"Elite","article_modified_time":"2024-06-07T08:43:39+00:00","twitter_card":"summary_large_image","schema":{"@context":"https:\/\/schema.org","@graph":[{"@type":"WebPage","@id":"https:\/\/elitevit.eu\/lt\/kontaktai\/","url":"https:\/\/elitevit.eu\/lt\/kontaktai\/","name":"Kontaktai - Elite","isPartOf":{"@id":"https:\/\/elitevit.eu\/lt\/#website"},"datePublished":"2024-04-17T12:20:48+00:00","dateModified":"2024-06-07T08:43:39+00:00","breadcrumb":{"@id":"https:\/\/elitevit.eu\/lt\/kontaktai\/#breadcrumb"},"inLanguage":"lt-LT","potentialAction":[{"@type":"ReadAction","target":["https:\/\/elitevit.eu\/lt\/kontaktai\/"]}]},{"@type":"BreadcrumbList","@id":"https:\/\/elitevit.eu\/lt\/kontaktai\/#breadcrumb","itemListElement":[{"@type":"ListItem","position":1,"name":"Home","item":"https:\/\/elitevit.eu\/lt\/"},{"@type":"ListItem","position":2,"name":"Kontaktai"}]},{"@type":"WebSite","@id":"https:\/\/elitevit.eu\/lt\/#website","url":"https:\/\/elitevit.eu\/lt\/","name":"Elite","description":"","potentialAction":[{"@type":"SearchAction","target":{"@type":"EntryPoint","urlTemplate":"https:\/\/elitevit.eu\/lt\/?s={search_term_string}"},"query-input":{"@type":"PropertyValueSpecification","valueRequired":true,"valueName":"search_term_string"}}],"inLanguage":"lt-LT"}]}},"_links":{"self":[{"href":"https:\/\/elitevit.eu\/lt\/wp-json\/wp\/v2\/pages\/529","targetHints":{"allow":["GET"]}}],"collection":[{"href":"https:\/\/elitevit.eu\/lt\/wp-json\/wp\/v2\/pages"}],"about":[{"href":"https:\/\/elitevit.eu\/lt\/wp-json\/wp\/v2\/types\/page"}],"author":[{"embeddable":true,"href":"https:\/\/elitevit.eu\/lt\/wp-json\/wp\/v2\/users\/1"}],"replies":[{"embeddable":true,"href":"https:\/\/elitevit.eu\/lt\/wp-json\/wp\/v2\/comments?post=529"}],"version-history":[{"count":5,"href":"https:\/\/elitevit.eu\/lt\/wp-json\/wp\/v2\/pages\/529\/revisions"}],"predecessor-version":[{"id":536,"href":"https:\/\/elitevit.eu\/lt\/wp-json\/wp\/v2\/pages\/529\/revisions\/536"}],"wp:attachment":[{"href":"https:\/\/elitevit.eu\/lt\/wp-json\/wp\/v2\/media?parent=529"}],"curies":[{"name":"wp","href":"https:\/\/api.w.org\/{rel}","templated":true}]}}